{"id":51,"date":"2021-03-07T19:17:51","date_gmt":"2021-03-07T19:17:51","guid":{"rendered":"https:\/\/palaciosabogados.cl\/?page_id=51"},"modified":"2021-03-07T21:04:50","modified_gmt":"2021-03-08T00:04:50","slug":"mision","status":"publish","type":"page","link":"https:\/\/palaciosabogados.cl\/en\/mision\/","title":{"rendered":"Mission"},"content":{"rendered":"<div class=\"wpb-content-wrapper\"><section class=\"vc_row wpb_row vc_row-fluid vc_custom_1615161884451 row-contains-padding-top row-contains-padding-bottom liquid-row-shadowbox-6a070c3395935 vc_row-o-content-middle vc_row-flex\"><div class=\"ld-container container\"><div class=\"row ld-row\"><div class=\"wpb_column vc_column_container vc_col-sm-5 liquid-column-6a070c3396170\"><div class=\"vc_column-inner\"><div class=\"wpb_wrapper\"   ><div class=\"wpb_wrapper-inner\">\n\t<div  class=\"wpb_single_image wpb_content_element vc_align_left  liquid_vc_single_image-6a070c33a426a\">\n\t\t\n\t\t<figure class=\"wpb_wrapper vc_figure\">\n\t\t\t<div class=\"vc_single_image-wrapper   vc_box_border_grey\"><img loading=\"lazy\" decoding=\"async\" width=\"1024\" height=\"431\" src=\"data:image\/svg+xml;charset=utf-8,&lt;svg xmlns%3D&#039;http%3A%2F%2Fwww.w3.org%2F2000%2Fsvg&#039; viewBox%3D&#039;0 0 1024 431&#039;%2F&gt;\" class=\"vc_single_image-img attachment-full ld-lazyload\" alt=\"\" title=\"slide-2-1024x431\" srcset=\"\" sizes=\"auto, (max-width: 1024px) 100vw, 1024px\" data-src=\"https:\/\/palaciosabogados.cl\/wp-content\/uploads\/2021\/03\/slide-2-1024x431-1.jpg\" data-srcset=\"https:\/\/palaciosabogados.cl\/wp-content\/uploads\/2021\/03\/slide-2-1024x431-1.jpg 1024w, https:\/\/palaciosabogados.cl\/wp-content\/uploads\/2021\/03\/slide-2-1024x431-1-300x126.jpg 300w, https:\/\/palaciosabogados.cl\/wp-content\/uploads\/2021\/03\/slide-2-1024x431-1-18x8.jpg 18w\" data-aspect=\"2.3758700696056\" \/><\/div>\n\t\t<\/figure>\n\t<\/div>\n<\/div><\/div><\/div><\/div><div class=\"wpb_column vc_column_container vc_col-sm-7 liquid-column-6a070c33a4c8e\"><div class=\"vc_column-inner\"><div class=\"wpb_wrapper\"   ><div class=\"wpb_wrapper-inner\">\n\t<div class=\"wpb_text_column wpb_content_element\" >\n\t\t<div class=\"wpb_wrapper\">\n\t\t\t<p>Our mission is to fully advise entrepreneurs, professionals and common people in their legal activities, helping them if they don't have enough time to deal with it.<\/p>\n<p>We provide permanent support on issues and topics that are related to their commercial activities, using for it the technology and knowledge according to the current legislation.<\/p>\n\n\t\t<\/div>\n\t<\/div>\n<\/div><\/div><\/div><\/div><\/div><\/div><\/section>\n<\/div>","protected":false},"excerpt":{"rendered":"Nuestra misi\u00f3n permanente es acompa\u00f1ar \u00edntegramente a todos y cada uno de los emprendedores y...","protected":false},"author":2,"featured_media":0,"parent":0,"menu_order":0,"comment_status":"closed","ping_status":"closed","template":"","meta":{"footnotes":""},"class_list":["post-51","page","type-page","status-publish","hentry"],"_links":{"self":[{"href":"https:\/\/palaciosabogados.cl\/en\/wp-json\/wp\/v2\/pages\/51","targetHints":{"allow":["GET"]}}],"collection":[{"href":"https:\/\/palaciosabogados.cl\/en\/wp-json\/wp\/v2\/pages"}],"about":[{"href":"https:\/\/palaciosabogados.cl\/en\/wp-json\/wp\/v2\/types\/page"}],"author":[{"embeddable":true,"href":"https:\/\/palaciosabogados.cl\/en\/wp-json\/wp\/v2\/users\/2"}],"replies":[{"embeddable":true,"href":"https:\/\/palaciosabogados.cl\/en\/wp-json\/wp\/v2\/comments?post=51"}],"version-history":[{"count":4,"href":"https:\/\/palaciosabogados.cl\/en\/wp-json\/wp\/v2\/pages\/51\/revisions"}],"predecessor-version":[{"id":84,"href":"https:\/\/palaciosabogados.cl\/en\/wp-json\/wp\/v2\/pages\/51\/revisions\/84"}],"wp:attachment":[{"href":"https:\/\/palaciosabogados.cl\/en\/wp-json\/wp\/v2\/media?parent=51"}],"curies":[{"name":"wp","href":"https:\/\/api.w.org\/{rel}","templated":true}]}}